	{"id":3543,"date":"2024-07-11T09:38:23","date_gmt":"2024-07-11T07:38:23","guid":{"rendered":"https:\/\/www.rights-acantiladoqc.com\/?page_id=3543"},"modified":"2024-07-11T10:06:03","modified_gmt":"2024-07-11T08:06:03","slug":"reconocimientos","status":"publish","type":"page","link":"https:\/\/www.rights-acantiladoqc.com\/es\/nosotros\/reconocimientos\/","title":{"rendered":"Reconocimientos"},"content":{"rendered":"<div id=\"pl-3543\"  class=\"panel-layout\" ><div id=\"pg-3543-0\"  class=\"panel-grid panel-no-style\" ><div id=\"pgc-3543-0-0\"  class=\"panel-grid-cell\" ><div id=\"panel-3543-0-0-0\" class=\"so-panel widget widget_sow-editor panel-first-child panel-last-child\" data-index=\"0\" ><div\n\t\t\t\n\t\t\tclass=\"so-widget-sow-editor so-widget-sow-editor-base\"\n\t\t\t\n\t\t>\n<div class=\"siteorigin-widget-tinymce textwidget\">\n\t<h3><\/h3>\n<ul>\n<li>Premio Nacional a la Mejor Labor Editorial Cultural 2024. Concedido por el Ministerio de Educaci\u00f3n, Cultura y Deporte<\/li>\n<li>Premio Nacional de Cultura 2014 de Catalu\u00f1a<\/li>\n<li>Reconocimiento al M\u00e9rito Editorial de la Feria Internacional del Libro de Guadalajara 2010<\/li>\n<li>Medalla de oro al M\u00e9rito Cultural del Ayuntamiento de Barcelona (2004)<\/li>\n<li>Premio Nacional a la Mejor Labor Editorial Cultural 2002. Concedido por el Ministerio de Educaci\u00f3n, Cultura y Deporte<\/li>\n<li>Medalla de oro del Fomento de las Artes Decorativas (2001)<\/li>\n<\/ul>\n<\/div>\n<\/div><\/div><\/div><\/div><\/div>","protected":false},"excerpt":{"rendered":"<p>Premio Nacional a la Mejor Labor Editorial Cultural 2024. Concedido por el Ministerio de Educaci\u00f3n, Cultura y Deporte Premio Nacional de Cultura 2014 de Catalu\u00f1a Reconocimiento al M\u00e9rito Editorial de la Feria Internacional del Libro de Guadalajara 2010 Medalla de oro al M\u00e9rito Cultural del Ayuntamiento de Barcelona (2004) Premio Nacional a la Mejor Labor [&hellip;]<\/p>\n","protected":false},"author":2,"featured_media":0,"parent":1984,"menu_order":1,"comment_status":"closed","ping_status":"closed","template":"template-fullwidth.php","meta":{"_acf_changed":false,"footnotes":""},"class_list":["post-3543","page","type-page","status-publish","hentry"],"acf":[],"_links":{"self":[{"href":"https:\/\/www.rights-acantiladoqc.com\/es\/wp-json\/wp\/v2\/pages\/3543","targetHints":{"allow":["GET"]}}],"collection":[{"href":"https:\/\/www.rights-acantiladoqc.com\/es\/wp-json\/wp\/v2\/pages"}],"about":[{"href":"https:\/\/www.rights-acantiladoqc.com\/es\/wp-json\/wp\/v2\/types\/page"}],"author":[{"embeddable":true,"href":"https:\/\/www.rights-acantiladoqc.com\/es\/wp-json\/wp\/v2\/users\/2"}],"replies":[{"embeddable":true,"href":"https:\/\/www.rights-acantiladoqc.com\/es\/wp-json\/wp\/v2\/comments?post=3543"}],"version-history":[{"count":3,"href":"https:\/\/www.rights-acantiladoqc.com\/es\/wp-json\/wp\/v2\/pages\/3543\/revisions"}],"predecessor-version":[{"id":3551,"href":"https:\/\/www.rights-acantiladoqc.com\/es\/wp-json\/wp\/v2\/pages\/3543\/revisions\/3551"}],"up":[{"embeddable":true,"href":"https:\/\/www.rights-acantiladoqc.com\/es\/wp-json\/wp\/v2\/pages\/1984"}],"wp:attachment":[{"href":"https:\/\/www.rights-acantiladoqc.com\/es\/wp-json\/wp\/v2\/media?parent=3543"}],"curies":[{"name":"wp","href":"https:\/\/api.w.org\/{rel}","templated":true}]}}